{"id":3555,"date":"2023-11-23T09:51:07","date_gmt":"2023-11-23T09:51:07","guid":{"rendered":"https:\/\/famillecabanne.com\/?post_type=product&#038;p=3555"},"modified":"2024-08-22T14:58:39","modified_gmt":"2024-08-22T14:58:39","slug":"coffret-2-verres-vs","status":"publish","type":"product","link":"https:\/\/famillecabanne.com\/en\/produit\/coffret-2-verres-vs\/","title":{"rendered":"Coffret D\u00e9gustation VS"},"content":{"rendered":"\n<p>Propos\u00e9 en <strong>\u00e9dition limit\u00e9e,<\/strong> ce coffret d\u00e9gustation se compose d\u2019une <strong>bouteille de Cognac VS<\/strong>, et de <strong>deux verres \u00e0 cognac s\u00e9rigraphi\u00e9s<\/strong> Richard Delisle. Id\u00e9al pour les f\u00eates de fin d\u2019ann\u00e9e gr\u00e2ce \u00e0 son <strong>packaging \u00e9l\u00e9gant et intemporel<\/strong>, il vous accompagne \u00e0 la d\u00e9couverte d\u2019un <strong>cognac \u00e9quilibr\u00e9, fruit\u00e9 et frais.<\/strong><\/p>\n\n\n\n<p><\/p>\n\n\n\n<p><\/p>\n\n\n\n<p><strong>Fiche technique :<\/strong> <a href=\"https:\/\/famillecabanne.com\/wp-content\/uploads\/RICHARD-DELISLE-COFFRET-2-VERRES-COGNAC-VS.pdf\" target=\"_blank\" rel=\"noreferrer noopener\">Je t\u00e9l\u00e9charge la fiche technique<\/a><\/p>\n","protected":false},"excerpt":{"rendered":"<p><strong>Coffret D\u00e9gustation VS.<\/strong><\/p>\n<p>Coffret compos\u00e9 d&#8217;une <strong>bouteille de Cognac VS<\/strong>, et de <strong>deux verres \u00e0 cognac s\u00e9rigraphi\u00e9s Richard Delisle.<\/strong><\/p>\n","protected":false},"featured_media":3582,"template":"","meta":{"_acf_changed":false},"product_brand":[],"product_cat":[41,45],"product_tag":[],"class_list":{"0":"post-3555","1":"product","2":"type-product","3":"status-publish","4":"has-post-thumbnail","6":"product_cat-cognac","7":"product_cat-cognac-richard-delisle","9":"first","10":"instock","11":"shipping-taxable","12":"purchasable","13":"product-type-simple"},"acf":[],"yoast_head":"<!-- This site is optimized with the Yoast SEO plugin v27.5 - https:\/\/yoast.com\/product\/yoast-seo-wordpress\/ -->\n<title>Coffret D\u00e9gustation VS - Famille Cabanne<\/title>\n<meta name=\"robots\" content=\"index, follow, max-snippet:-1, max-image-preview:large, max-video-preview:-1\" \/>\n<link rel=\"canonical\" href=\"https:\/\/famillecabanne.com\/produit\/coffret-2-verres-vs\/\" \/>\n<meta property=\"og:locale\" content=\"en_US\" \/>\n<meta property=\"og:type\" content=\"article\" \/>\n<meta property=\"og:title\" content=\"Coffret D\u00e9gustation VS - Famille Cabanne\" \/>\n<meta property=\"og:description\" content=\"Coffret D\u00e9gustation VS. Coffret compos\u00e9 d&#039;une bouteille de Cognac VS, et de deux verres \u00e0 cognac s\u00e9rigraphi\u00e9s Richard Delisle.\" \/>\n<meta property=\"og:url\" content=\"https:\/\/famillecabanne.com\/produit\/coffret-2-verres-vs\/\" \/>\n<meta property=\"og:site_name\" content=\"Famille Cabanne\" \/>\n<meta property=\"article:publisher\" content=\"https:\/\/fr-fr.facebook.com\/Hawkins-Distribution-139832772862264\/\" \/>\n<meta property=\"article:modified_time\" content=\"2024-08-22T14:58:39+00:00\" \/>\n<meta property=\"og:image\" content=\"https:\/\/famillecabanne.com\/wp-content\/uploads\/coffret-VS-4.png\" \/>\n\t<meta property=\"og:image:width\" content=\"1000\" \/>\n\t<meta property=\"og:image:height\" content=\"1235\" \/>\n\t<meta property=\"og:image:type\" content=\"image\/png\" \/>\n<meta name=\"twitter:card\" content=\"summary_large_image\" \/>\n<meta name=\"twitter:label1\" content=\"Est. reading time\" \/>\n\t<meta name=\"twitter:data1\" content=\"1 minute\" \/>\n<script type=\"application\/ld+json\" class=\"yoast-schema-graph\">{\"@context\":\"https:\\\/\\\/schema.org\",\"@graph\":[{\"@type\":\"WebPage\",\"@id\":\"https:\\\/\\\/famillecabanne.com\\\/produit\\\/coffret-2-verres-vs\\\/\",\"url\":\"https:\\\/\\\/famillecabanne.com\\\/produit\\\/coffret-2-verres-vs\\\/\",\"name\":\"Coffret D\u00e9gustation VS - Famille Cabanne\",\"isPartOf\":{\"@id\":\"https:\\\/\\\/famillecabanne.com\\\/#website\"},\"primaryImageOfPage\":{\"@id\":\"https:\\\/\\\/famillecabanne.com\\\/produit\\\/coffret-2-verres-vs\\\/#primaryimage\"},\"image\":{\"@id\":\"https:\\\/\\\/famillecabanne.com\\\/produit\\\/coffret-2-verres-vs\\\/#primaryimage\"},\"thumbnailUrl\":\"https:\\\/\\\/famillecabanne.com\\\/wp-content\\\/uploads\\\/coffret-VS-4.png\",\"datePublished\":\"2023-11-23T09:51:07+00:00\",\"dateModified\":\"2024-08-22T14:58:39+00:00\",\"breadcrumb\":{\"@id\":\"https:\\\/\\\/famillecabanne.com\\\/produit\\\/coffret-2-verres-vs\\\/#breadcrumb\"},\"inLanguage\":\"en-US\",\"potentialAction\":[{\"@type\":\"ReadAction\",\"target\":[\"https:\\\/\\\/famillecabanne.com\\\/produit\\\/coffret-2-verres-vs\\\/\"]}]},{\"@type\":\"ImageObject\",\"inLanguage\":\"en-US\",\"@id\":\"https:\\\/\\\/famillecabanne.com\\\/produit\\\/coffret-2-verres-vs\\\/#primaryimage\",\"url\":\"https:\\\/\\\/famillecabanne.com\\\/wp-content\\\/uploads\\\/coffret-VS-4.png\",\"contentUrl\":\"https:\\\/\\\/famillecabanne.com\\\/wp-content\\\/uploads\\\/coffret-VS-4.png\",\"width\":1000,\"height\":1235,\"caption\":\"coffret VS cognac Richard Delisle deux verres\"},{\"@type\":\"BreadcrumbList\",\"@id\":\"https:\\\/\\\/famillecabanne.com\\\/produit\\\/coffret-2-verres-vs\\\/#breadcrumb\",\"itemListElement\":[{\"@type\":\"ListItem\",\"position\":1,\"name\":\"Accueil\",\"item\":\"https:\\\/\\\/famillecabanne.com\\\/en\\\/\"},{\"@type\":\"ListItem\",\"position\":2,\"name\":\"Boutique\",\"item\":\"https:\\\/\\\/famillecabanne.com\\\/boutique\\\/\"},{\"@type\":\"ListItem\",\"position\":3,\"name\":\"Coffret D\u00e9gustation VS\"}]},{\"@type\":\"WebSite\",\"@id\":\"https:\\\/\\\/famillecabanne.com\\\/#website\",\"url\":\"https:\\\/\\\/famillecabanne.com\\\/\",\"name\":\"Famille Cabanne\",\"description\":\"Cognac &amp; Spiritueux\",\"publisher\":{\"@id\":\"https:\\\/\\\/famillecabanne.com\\\/#organization\"},\"potentialAction\":[{\"@type\":\"SearchAction\",\"target\":{\"@type\":\"EntryPoint\",\"urlTemplate\":\"https:\\\/\\\/famillecabanne.com\\\/?s={search_term_string}\"},\"query-input\":{\"@type\":\"PropertyValueSpecification\",\"valueRequired\":true,\"valueName\":\"search_term_string\"}}],\"inLanguage\":\"en-US\"},{\"@type\":\"Organization\",\"@id\":\"https:\\\/\\\/famillecabanne.com\\\/#organization\",\"name\":\"Famille Cabanne\",\"url\":\"https:\\\/\\\/famillecabanne.com\\\/\",\"logo\":{\"@type\":\"ImageObject\",\"inLanguage\":\"en-US\",\"@id\":\"https:\\\/\\\/famillecabanne.com\\\/#\\\/schema\\\/logo\\\/image\\\/\",\"url\":\"https:\\\/\\\/famillecabanne.com\\\/wp-content\\\/uploads\\\/logo-famille-cabanne.svg\",\"contentUrl\":\"https:\\\/\\\/famillecabanne.com\\\/wp-content\\\/uploads\\\/logo-famille-cabanne.svg\",\"caption\":\"Famille Cabanne\"},\"image\":{\"@id\":\"https:\\\/\\\/famillecabanne.com\\\/#\\\/schema\\\/logo\\\/image\\\/\"},\"sameAs\":[\"https:\\\/\\\/fr-fr.facebook.com\\\/Hawkins-Distribution-139832772862264\\\/\",\"https:\\\/\\\/www.instagram.com\\\/famillecabanne\\\/?hl=fr\",\"https:\\\/\\\/fr.linkedin.com\\\/company\\\/famillecabanne\"]}]}<\/script>\n<!-- \/ Yoast SEO plugin. -->","yoast_head_json":{"title":"Coffret D\u00e9gustation VS - Famille Cabanne","robots":{"index":"index","follow":"follow","max-snippet":"max-snippet:-1","max-image-preview":"max-image-preview:large","max-video-preview":"max-video-preview:-1"},"canonical":"https:\/\/famillecabanne.com\/produit\/coffret-2-verres-vs\/","og_locale":"en_US","og_type":"article","og_title":"Coffret D\u00e9gustation VS - Famille Cabanne","og_description":"Coffret D\u00e9gustation VS. Coffret compos\u00e9 d'une bouteille de Cognac VS, et de deux verres \u00e0 cognac s\u00e9rigraphi\u00e9s Richard Delisle.","og_url":"https:\/\/famillecabanne.com\/produit\/coffret-2-verres-vs\/","og_site_name":"Famille Cabanne","article_publisher":"https:\/\/fr-fr.facebook.com\/Hawkins-Distribution-139832772862264\/","article_modified_time":"2024-08-22T14:58:39+00:00","og_image":[{"width":1000,"height":1235,"url":"https:\/\/famillecabanne.com\/wp-content\/uploads\/coffret-VS-4.png","type":"image\/png"}],"twitter_card":"summary_large_image","twitter_misc":{"Est. reading time":"1 minute"},"schema":{"@context":"https:\/\/schema.org","@graph":[{"@type":"WebPage","@id":"https:\/\/famillecabanne.com\/produit\/coffret-2-verres-vs\/","url":"https:\/\/famillecabanne.com\/produit\/coffret-2-verres-vs\/","name":"Coffret D\u00e9gustation VS - Famille Cabanne","isPartOf":{"@id":"https:\/\/famillecabanne.com\/#website"},"primaryImageOfPage":{"@id":"https:\/\/famillecabanne.com\/produit\/coffret-2-verres-vs\/#primaryimage"},"image":{"@id":"https:\/\/famillecabanne.com\/produit\/coffret-2-verres-vs\/#primaryimage"},"thumbnailUrl":"https:\/\/famillecabanne.com\/wp-content\/uploads\/coffret-VS-4.png","datePublished":"2023-11-23T09:51:07+00:00","dateModified":"2024-08-22T14:58:39+00:00","breadcrumb":{"@id":"https:\/\/famillecabanne.com\/produit\/coffret-2-verres-vs\/#breadcrumb"},"inLanguage":"en-US","potentialAction":[{"@type":"ReadAction","target":["https:\/\/famillecabanne.com\/produit\/coffret-2-verres-vs\/"]}]},{"@type":"ImageObject","inLanguage":"en-US","@id":"https:\/\/famillecabanne.com\/produit\/coffret-2-verres-vs\/#primaryimage","url":"https:\/\/famillecabanne.com\/wp-content\/uploads\/coffret-VS-4.png","contentUrl":"https:\/\/famillecabanne.com\/wp-content\/uploads\/coffret-VS-4.png","width":1000,"height":1235,"caption":"coffret VS cognac Richard Delisle deux verres"},{"@type":"BreadcrumbList","@id":"https:\/\/famillecabanne.com\/produit\/coffret-2-verres-vs\/#breadcrumb","itemListElement":[{"@type":"ListItem","position":1,"name":"Accueil","item":"https:\/\/famillecabanne.com\/en\/"},{"@type":"ListItem","position":2,"name":"Boutique","item":"https:\/\/famillecabanne.com\/boutique\/"},{"@type":"ListItem","position":3,"name":"Coffret D\u00e9gustation VS"}]},{"@type":"WebSite","@id":"https:\/\/famillecabanne.com\/#website","url":"https:\/\/famillecabanne.com\/","name":"Famille Cabanne","description":"Cognac &amp; Spiritueux","publisher":{"@id":"https:\/\/famillecabanne.com\/#organization"},"potentialAction":[{"@type":"SearchAction","target":{"@type":"EntryPoint","urlTemplate":"https:\/\/famillecabanne.com\/?s={search_term_string}"},"query-input":{"@type":"PropertyValueSpecification","valueRequired":true,"valueName":"search_term_string"}}],"inLanguage":"en-US"},{"@type":"Organization","@id":"https:\/\/famillecabanne.com\/#organization","name":"Famille Cabanne","url":"https:\/\/famillecabanne.com\/","logo":{"@type":"ImageObject","inLanguage":"en-US","@id":"https:\/\/famillecabanne.com\/#\/schema\/logo\/image\/","url":"https:\/\/famillecabanne.com\/wp-content\/uploads\/logo-famille-cabanne.svg","contentUrl":"https:\/\/famillecabanne.com\/wp-content\/uploads\/logo-famille-cabanne.svg","caption":"Famille Cabanne"},"image":{"@id":"https:\/\/famillecabanne.com\/#\/schema\/logo\/image\/"},"sameAs":["https:\/\/fr-fr.facebook.com\/Hawkins-Distribution-139832772862264\/","https:\/\/www.instagram.com\/famillecabanne\/?hl=fr","https:\/\/fr.linkedin.com\/company\/famillecabanne"]}]}},"_links":{"self":[{"href":"https:\/\/famillecabanne.com\/en\/wp-json\/wp\/v2\/product\/3555","targetHints":{"allow":["GET"]}}],"collection":[{"href":"https:\/\/famillecabanne.com\/en\/wp-json\/wp\/v2\/product"}],"about":[{"href":"https:\/\/famillecabanne.com\/en\/wp-json\/wp\/v2\/types\/product"}],"wp:featuredmedia":[{"embeddable":true,"href":"https:\/\/famillecabanne.com\/en\/wp-json\/wp\/v2\/media\/3582"}],"wp:attachment":[{"href":"https:\/\/famillecabanne.com\/en\/wp-json\/wp\/v2\/media?parent=3555"}],"wp:term":[{"taxonomy":"product_brand","embeddable":true,"href":"https:\/\/famillecabanne.com\/en\/wp-json\/wp\/v2\/product_brand?post=3555"},{"taxonomy":"product_cat","embeddable":true,"href":"https:\/\/famillecabanne.com\/en\/wp-json\/wp\/v2\/product_cat?post=3555"},{"taxonomy":"product_tag","embeddable":true,"href":"https:\/\/famillecabanne.com\/en\/wp-json\/wp\/v2\/product_tag?post=3555"}],"curies":[{"name":"wp","href":"https:\/\/api.w.org\/{rel}","templated":true}]}}