{"id":13385,"date":"2025-11-03T14:33:20","date_gmt":"2025-11-03T14:33:20","guid":{"rendered":"https:\/\/famillecabanne.com\/?post_type=product&#038;p=13385"},"modified":"2025-11-03T14:51:44","modified_gmt":"2025-11-03T14:51:44","slug":"captain-flint-republique-dominicaine-12-ans","status":"publish","type":"product","link":"https:\/\/famillecabanne.com\/en\/produit\/captain-flint-republique-dominicaine-12-ans\/","title":{"rendered":"Captain Flint R\u00e9publique dominicaine 12 ans"},"content":{"rendered":"\n<p>Ce rhum 12 ans de&nbsp;<strong>R\u00e9publique Dominicaine<\/strong>&nbsp;incarne l\u2019\u00e9l\u00e9gance et le savoir-faire carib\u00e9en. Embouteill\u00e9 a son degr\u00e9 naturel de&nbsp;<strong>52\u00b0,&nbsp;<\/strong>il a b\u00e9n\u00e9fici\u00e9 d\u2019un vieillissement en&nbsp;<strong>f\u00fbts de ch\u00eane fran\u00e7ais<\/strong>&nbsp;ayant contenu du Cognac de qualit\u00e9 exceptionnelle, lui conf\u00e9rant une richesse aromatique remarquable. Sans aucun&nbsp;<strong>ajout de sucres ni de colorants artificiels<\/strong>, ce rhum met en avant son authenticit\u00e9 et sa justesse aromatique, offrant une exp\u00e9rience de d\u00e9gustation \u00e0 la fois pure et singuli\u00e8re.<\/p>\n\n\n\n<div style=\"height:40px\" aria-hidden=\"true\" class=\"wp-block-spacer\"><\/div>\n\n\n\n<p><strong>Fiche technique :<\/strong> <a href=\"https:\/\/famillecabanne.com\/wp-content\/uploads\/FICHES-PRODUITS-FRANCAIS-27.pdf\" target=\"_blank\" rel=\"noreferrer noopener\">Je t\u00e9l\u00e9charge la fiche technique<\/a><\/p>\n\n\n\n<p><\/p>\n","protected":false},"excerpt":{"rendered":"<p><strong>Rhum ambr\u00e9 R\u00e9publique Dominicaine 12 ans.<\/strong><\/p>\n<p>Sp\u00e9cifiquement originaire de R\u00e9publique dominicaine, ce rhum capture l&#8217;essence m\u00eame des rhums carib\u00e9ens.<\/p>\n","protected":false},"featured_media":13378,"template":"","meta":{"_acf_changed":false},"product_brand":[],"product_cat":[47,26],"product_tag":[],"class_list":{"0":"post-13385","1":"product","2":"type-product","3":"status-publish","4":"has-post-thumbnail","6":"product_cat-captain-flint","7":"product_cat-rhum","9":"first","10":"instock","11":"shipping-taxable","12":"purchasable","13":"product-type-simple"},"acf":[],"yoast_head":"<!-- This site is optimized with the Yoast SEO plugin v27.5 - https:\/\/yoast.com\/product\/yoast-seo-wordpress\/ -->\n<title>Captain Flint R\u00e9publique dominicaine 12 ans - Famille Cabanne<\/title>\n<meta name=\"robots\" content=\"index, follow, max-snippet:-1, max-image-preview:large, max-video-preview:-1\" \/>\n<link rel=\"canonical\" href=\"https:\/\/famillecabanne.com\/produit\/captain-flint-republique-dominicaine-12-ans\/\" \/>\n<meta property=\"og:locale\" content=\"en_US\" \/>\n<meta property=\"og:type\" content=\"article\" \/>\n<meta property=\"og:title\" content=\"Captain Flint R\u00e9publique dominicaine 12 ans - Famille Cabanne\" \/>\n<meta property=\"og:description\" content=\"Rhum ambr\u00e9 R\u00e9publique Dominicaine 12 ans. Sp\u00e9cifiquement originaire de R\u00e9publique dominicaine, ce rhum capture l&#039;essence m\u00eame des rhums carib\u00e9ens.\" \/>\n<meta property=\"og:url\" content=\"https:\/\/famillecabanne.com\/produit\/captain-flint-republique-dominicaine-12-ans\/\" \/>\n<meta property=\"og:site_name\" content=\"Famille Cabanne\" \/>\n<meta property=\"article:publisher\" content=\"https:\/\/fr-fr.facebook.com\/Hawkins-Distribution-139832772862264\/\" \/>\n<meta property=\"article:modified_time\" content=\"2025-11-03T14:51:44+00:00\" \/>\n<meta property=\"og:image\" content=\"https:\/\/famillecabanne.com\/wp-content\/uploads\/Rhums-CF-02-1-scaled.png\" \/>\n\t<meta property=\"og:image:width\" content=\"2560\" \/>\n\t<meta property=\"og:image:height\" content=\"2560\" \/>\n\t<meta property=\"og:image:type\" content=\"image\/png\" \/>\n<meta name=\"twitter:card\" content=\"summary_large_image\" \/>\n<meta name=\"twitter:label1\" content=\"Est. reading time\" \/>\n\t<meta name=\"twitter:data1\" content=\"1 minute\" \/>\n<script type=\"application\/ld+json\" class=\"yoast-schema-graph\">{\"@context\":\"https:\\\/\\\/schema.org\",\"@graph\":[{\"@type\":\"WebPage\",\"@id\":\"https:\\\/\\\/famillecabanne.com\\\/produit\\\/captain-flint-republique-dominicaine-12-ans\\\/\",\"url\":\"https:\\\/\\\/famillecabanne.com\\\/produit\\\/captain-flint-republique-dominicaine-12-ans\\\/\",\"name\":\"Captain Flint R\u00e9publique dominicaine 12 ans - Famille Cabanne\",\"isPartOf\":{\"@id\":\"https:\\\/\\\/famillecabanne.com\\\/#website\"},\"primaryImageOfPage\":{\"@id\":\"https:\\\/\\\/famillecabanne.com\\\/produit\\\/captain-flint-republique-dominicaine-12-ans\\\/#primaryimage\"},\"image\":{\"@id\":\"https:\\\/\\\/famillecabanne.com\\\/produit\\\/captain-flint-republique-dominicaine-12-ans\\\/#primaryimage\"},\"thumbnailUrl\":\"https:\\\/\\\/famillecabanne.com\\\/wp-content\\\/uploads\\\/Rhums-CF-02-1-scaled.png\",\"datePublished\":\"2025-11-03T14:33:20+00:00\",\"dateModified\":\"2025-11-03T14:51:44+00:00\",\"breadcrumb\":{\"@id\":\"https:\\\/\\\/famillecabanne.com\\\/produit\\\/captain-flint-republique-dominicaine-12-ans\\\/#breadcrumb\"},\"inLanguage\":\"en-US\",\"potentialAction\":[{\"@type\":\"ReadAction\",\"target\":[\"https:\\\/\\\/famillecabanne.com\\\/produit\\\/captain-flint-republique-dominicaine-12-ans\\\/\"]}]},{\"@type\":\"ImageObject\",\"inLanguage\":\"en-US\",\"@id\":\"https:\\\/\\\/famillecabanne.com\\\/produit\\\/captain-flint-republique-dominicaine-12-ans\\\/#primaryimage\",\"url\":\"https:\\\/\\\/famillecabanne.com\\\/wp-content\\\/uploads\\\/Rhums-CF-02-1-scaled.png\",\"contentUrl\":\"https:\\\/\\\/famillecabanne.com\\\/wp-content\\\/uploads\\\/Rhums-CF-02-1-scaled.png\",\"width\":2560,\"height\":2560},{\"@type\":\"BreadcrumbList\",\"@id\":\"https:\\\/\\\/famillecabanne.com\\\/produit\\\/captain-flint-republique-dominicaine-12-ans\\\/#breadcrumb\",\"itemListElement\":[{\"@type\":\"ListItem\",\"position\":1,\"name\":\"Accueil\",\"item\":\"https:\\\/\\\/famillecabanne.com\\\/en\\\/\"},{\"@type\":\"ListItem\",\"position\":2,\"name\":\"Boutique\",\"item\":\"https:\\\/\\\/famillecabanne.com\\\/boutique\\\/\"},{\"@type\":\"ListItem\",\"position\":3,\"name\":\"Captain Flint R\u00e9publique dominicaine 12 ans\"}]},{\"@type\":\"WebSite\",\"@id\":\"https:\\\/\\\/famillecabanne.com\\\/#website\",\"url\":\"https:\\\/\\\/famillecabanne.com\\\/\",\"name\":\"Famille Cabanne\",\"description\":\"Cognac &amp; Spiritueux\",\"publisher\":{\"@id\":\"https:\\\/\\\/famillecabanne.com\\\/#organization\"},\"potentialAction\":[{\"@type\":\"SearchAction\",\"target\":{\"@type\":\"EntryPoint\",\"urlTemplate\":\"https:\\\/\\\/famillecabanne.com\\\/?s={search_term_string}\"},\"query-input\":{\"@type\":\"PropertyValueSpecification\",\"valueRequired\":true,\"valueName\":\"search_term_string\"}}],\"inLanguage\":\"en-US\"},{\"@type\":\"Organization\",\"@id\":\"https:\\\/\\\/famillecabanne.com\\\/#organization\",\"name\":\"Famille Cabanne\",\"url\":\"https:\\\/\\\/famillecabanne.com\\\/\",\"logo\":{\"@type\":\"ImageObject\",\"inLanguage\":\"en-US\",\"@id\":\"https:\\\/\\\/famillecabanne.com\\\/#\\\/schema\\\/logo\\\/image\\\/\",\"url\":\"https:\\\/\\\/famillecabanne.com\\\/wp-content\\\/uploads\\\/logo-famille-cabanne.svg\",\"contentUrl\":\"https:\\\/\\\/famillecabanne.com\\\/wp-content\\\/uploads\\\/logo-famille-cabanne.svg\",\"caption\":\"Famille Cabanne\"},\"image\":{\"@id\":\"https:\\\/\\\/famillecabanne.com\\\/#\\\/schema\\\/logo\\\/image\\\/\"},\"sameAs\":[\"https:\\\/\\\/fr-fr.facebook.com\\\/Hawkins-Distribution-139832772862264\\\/\",\"https:\\\/\\\/www.instagram.com\\\/famillecabanne\\\/?hl=fr\",\"https:\\\/\\\/fr.linkedin.com\\\/company\\\/famillecabanne\"]}]}<\/script>\n<!-- \/ Yoast SEO plugin. -->","yoast_head_json":{"title":"Captain Flint R\u00e9publique dominicaine 12 ans - Famille Cabanne","robots":{"index":"index","follow":"follow","max-snippet":"max-snippet:-1","max-image-preview":"max-image-preview:large","max-video-preview":"max-video-preview:-1"},"canonical":"https:\/\/famillecabanne.com\/produit\/captain-flint-republique-dominicaine-12-ans\/","og_locale":"en_US","og_type":"article","og_title":"Captain Flint R\u00e9publique dominicaine 12 ans - Famille Cabanne","og_description":"Rhum ambr\u00e9 R\u00e9publique Dominicaine 12 ans. Sp\u00e9cifiquement originaire de R\u00e9publique dominicaine, ce rhum capture l'essence m\u00eame des rhums carib\u00e9ens.","og_url":"https:\/\/famillecabanne.com\/produit\/captain-flint-republique-dominicaine-12-ans\/","og_site_name":"Famille Cabanne","article_publisher":"https:\/\/fr-fr.facebook.com\/Hawkins-Distribution-139832772862264\/","article_modified_time":"2025-11-03T14:51:44+00:00","og_image":[{"width":2560,"height":2560,"url":"https:\/\/famillecabanne.com\/wp-content\/uploads\/Rhums-CF-02-1-scaled.png","type":"image\/png"}],"twitter_card":"summary_large_image","twitter_misc":{"Est. reading time":"1 minute"},"schema":{"@context":"https:\/\/schema.org","@graph":[{"@type":"WebPage","@id":"https:\/\/famillecabanne.com\/produit\/captain-flint-republique-dominicaine-12-ans\/","url":"https:\/\/famillecabanne.com\/produit\/captain-flint-republique-dominicaine-12-ans\/","name":"Captain Flint R\u00e9publique dominicaine 12 ans - Famille Cabanne","isPartOf":{"@id":"https:\/\/famillecabanne.com\/#website"},"primaryImageOfPage":{"@id":"https:\/\/famillecabanne.com\/produit\/captain-flint-republique-dominicaine-12-ans\/#primaryimage"},"image":{"@id":"https:\/\/famillecabanne.com\/produit\/captain-flint-republique-dominicaine-12-ans\/#primaryimage"},"thumbnailUrl":"https:\/\/famillecabanne.com\/wp-content\/uploads\/Rhums-CF-02-1-scaled.png","datePublished":"2025-11-03T14:33:20+00:00","dateModified":"2025-11-03T14:51:44+00:00","breadcrumb":{"@id":"https:\/\/famillecabanne.com\/produit\/captain-flint-republique-dominicaine-12-ans\/#breadcrumb"},"inLanguage":"en-US","potentialAction":[{"@type":"ReadAction","target":["https:\/\/famillecabanne.com\/produit\/captain-flint-republique-dominicaine-12-ans\/"]}]},{"@type":"ImageObject","inLanguage":"en-US","@id":"https:\/\/famillecabanne.com\/produit\/captain-flint-republique-dominicaine-12-ans\/#primaryimage","url":"https:\/\/famillecabanne.com\/wp-content\/uploads\/Rhums-CF-02-1-scaled.png","contentUrl":"https:\/\/famillecabanne.com\/wp-content\/uploads\/Rhums-CF-02-1-scaled.png","width":2560,"height":2560},{"@type":"BreadcrumbList","@id":"https:\/\/famillecabanne.com\/produit\/captain-flint-republique-dominicaine-12-ans\/#breadcrumb","itemListElement":[{"@type":"ListItem","position":1,"name":"Accueil","item":"https:\/\/famillecabanne.com\/en\/"},{"@type":"ListItem","position":2,"name":"Boutique","item":"https:\/\/famillecabanne.com\/boutique\/"},{"@type":"ListItem","position":3,"name":"Captain Flint R\u00e9publique dominicaine 12 ans"}]},{"@type":"WebSite","@id":"https:\/\/famillecabanne.com\/#website","url":"https:\/\/famillecabanne.com\/","name":"Famille Cabanne","description":"Cognac &amp; Spiritueux","publisher":{"@id":"https:\/\/famillecabanne.com\/#organization"},"potentialAction":[{"@type":"SearchAction","target":{"@type":"EntryPoint","urlTemplate":"https:\/\/famillecabanne.com\/?s={search_term_string}"},"query-input":{"@type":"PropertyValueSpecification","valueRequired":true,"valueName":"search_term_string"}}],"inLanguage":"en-US"},{"@type":"Organization","@id":"https:\/\/famillecabanne.com\/#organization","name":"Famille Cabanne","url":"https:\/\/famillecabanne.com\/","logo":{"@type":"ImageObject","inLanguage":"en-US","@id":"https:\/\/famillecabanne.com\/#\/schema\/logo\/image\/","url":"https:\/\/famillecabanne.com\/wp-content\/uploads\/logo-famille-cabanne.svg","contentUrl":"https:\/\/famillecabanne.com\/wp-content\/uploads\/logo-famille-cabanne.svg","caption":"Famille Cabanne"},"image":{"@id":"https:\/\/famillecabanne.com\/#\/schema\/logo\/image\/"},"sameAs":["https:\/\/fr-fr.facebook.com\/Hawkins-Distribution-139832772862264\/","https:\/\/www.instagram.com\/famillecabanne\/?hl=fr","https:\/\/fr.linkedin.com\/company\/famillecabanne"]}]}},"_links":{"self":[{"href":"https:\/\/famillecabanne.com\/en\/wp-json\/wp\/v2\/product\/13385","targetHints":{"allow":["GET"]}}],"collection":[{"href":"https:\/\/famillecabanne.com\/en\/wp-json\/wp\/v2\/product"}],"about":[{"href":"https:\/\/famillecabanne.com\/en\/wp-json\/wp\/v2\/types\/product"}],"wp:featuredmedia":[{"embeddable":true,"href":"https:\/\/famillecabanne.com\/en\/wp-json\/wp\/v2\/media\/13378"}],"wp:attachment":[{"href":"https:\/\/famillecabanne.com\/en\/wp-json\/wp\/v2\/media?parent=13385"}],"wp:term":[{"taxonomy":"product_brand","embeddable":true,"href":"https:\/\/famillecabanne.com\/en\/wp-json\/wp\/v2\/product_brand?post=13385"},{"taxonomy":"product_cat","embeddable":true,"href":"https:\/\/famillecabanne.com\/en\/wp-json\/wp\/v2\/product_cat?post=13385"},{"taxonomy":"product_tag","embeddable":true,"href":"https:\/\/famillecabanne.com\/en\/wp-json\/wp\/v2\/product_tag?post=13385"}],"curies":[{"name":"wp","href":"https:\/\/api.w.org\/{rel}","templated":true}]}}