{"id":13219,"date":"2025-09-01T13:50:10","date_gmt":"2025-09-01T13:50:10","guid":{"rendered":"https:\/\/famillecabanne.com\/?post_type=product&#038;p=13219"},"modified":"2025-11-05T15:17:24","modified_gmt":"2025-11-05T15:17:24","slug":"bourbon-americain-maurice","status":"publish","type":"product","link":"https:\/\/famillecabanne.com\/en\/produit\/bourbon-americain-maurice\/","title":{"rendered":"Bourbon Maurice"},"content":{"rendered":"\n<p>Symbole d\u2019authenticit\u00e9, cet\u00a0<strong>American Craft Bourbon\u00a0<\/strong>est fabriqu\u00e9<strong>\u00a0exclusivement \u00e0 partir d\u2019un subtil m\u00e9lange de ma\u00efs\u00a0<\/strong>savamment\u00a0<strong>distill\u00e9<\/strong>. Il a \u00e9t\u00e9 vieilli pendant\u00a0<strong>plusieurs mois en petits f\u00fbts de ch\u00eane am\u00e9ricain<\/strong>, lui conf\u00e8rant ainsi des notes\u00a0\u00a0de bois toast\u00e9es.\u00a0<strong>Riche et complexe<\/strong>, il refl\u00e8te l\u2019essence m\u00eame de la tradition am\u00e9ricaine et offre une exp\u00e9rience de d\u00e9gustation unique.<\/p>\n\n\n\n<div style=\"height:40px\" aria-hidden=\"true\" class=\"wp-block-spacer\"><\/div>\n\n\n\n<p><strong>Fiche technique <\/strong><a href=\"https:\/\/famillecabanne.com\/wp-content\/uploads\/MAURICE-BOURBON-scaled.png\">M<\/a><a href=\"https:\/\/famillecabanne.com\/wp-content\/uploads\/FICHES-PRODUITS-FRANCAIS.pdf\">AURICE BOURBON<\/a><\/p>\n\n\n\n<p><\/p>\n","protected":false},"excerpt":{"rendered":"<p><strong>Bourbon Maurice\u00a0<\/strong><\/p>\n<p>Ce Bourbon est \u00e9labor\u00e9 en <strong>Californie<\/strong> et a vieilli pendant plusieurs mois en petits <strong>f\u00fbts de ch\u00eane am\u00e9ricain.\u00a0<\/strong><\/p>\n<p><strong>Riche et complexe<\/strong>, il refl\u00e8te l&#8217;essence m\u00eame de la tradition am\u00e9ricaine et offre une exp\u00e9rience unique de d\u00e9gustation.\u00a0<\/p>\n<p>&nbsp;<\/p>\n<p>&nbsp;<\/p>\n","protected":false},"featured_media":13437,"template":"","meta":{"_acf_changed":false},"product_brand":[],"product_cat":[563,564],"product_tag":[],"class_list":{"0":"post-13219","1":"product","2":"type-product","3":"status-publish","4":"has-post-thumbnail","6":"product_cat-bourbon","7":"product_cat-bourbon-maurice","9":"first","10":"instock","11":"shipping-taxable","12":"purchasable","13":"product-type-simple"},"acf":[],"yoast_head":"<!-- This site is optimized with the Yoast SEO plugin v27.4 - https:\/\/yoast.com\/product\/yoast-seo-wordpress\/ -->\n<title>Bourbon Maurice - Famille Cabanne<\/title>\n<meta name=\"robots\" content=\"index, follow, max-snippet:-1, max-image-preview:large, max-video-preview:-1\" \/>\n<link rel=\"canonical\" href=\"https:\/\/famillecabanne.com\/produit\/bourbon-americain-maurice\/\" \/>\n<meta property=\"og:locale\" content=\"en_US\" \/>\n<meta property=\"og:type\" content=\"article\" \/>\n<meta property=\"og:title\" content=\"Bourbon Maurice - Famille Cabanne\" \/>\n<meta property=\"og:description\" content=\"Bourbon Maurice\u00a0 Ce Bourbon est \u00e9labor\u00e9 en Californie et a vieilli pendant plusieurs mois en petits f\u00fbts de ch\u00eane am\u00e9ricain.\u00a0 Riche et complexe, il refl\u00e8te l&#039;essence m\u00eame de la tradition am\u00e9ricaine et offre une exp\u00e9rience unique de d\u00e9gustation.\u00a0 &nbsp; &nbsp;\" \/>\n<meta property=\"og:url\" content=\"https:\/\/famillecabanne.com\/produit\/bourbon-americain-maurice\/\" \/>\n<meta property=\"og:site_name\" content=\"Famille Cabanne\" \/>\n<meta property=\"article:publisher\" content=\"https:\/\/fr-fr.facebook.com\/Hawkins-Distribution-139832772862264\/\" \/>\n<meta property=\"article:modified_time\" content=\"2025-11-05T15:17:24+00:00\" \/>\n<meta property=\"og:image\" content=\"https:\/\/famillecabanne.com\/wp-content\/uploads\/BOURBON-2-scaled-e1762355562402.png\" \/>\n\t<meta property=\"og:image:width\" content=\"2445\" \/>\n\t<meta property=\"og:image:height\" content=\"2445\" \/>\n\t<meta property=\"og:image:type\" content=\"image\/png\" \/>\n<meta name=\"twitter:card\" content=\"summary_large_image\" \/>\n<meta name=\"twitter:label1\" content=\"Est. reading time\" \/>\n\t<meta name=\"twitter:data1\" content=\"1 minute\" \/>\n<script type=\"application\/ld+json\" class=\"yoast-schema-graph\">{\"@context\":\"https:\\\/\\\/schema.org\",\"@graph\":[{\"@type\":\"WebPage\",\"@id\":\"https:\\\/\\\/famillecabanne.com\\\/produit\\\/bourbon-americain-maurice\\\/\",\"url\":\"https:\\\/\\\/famillecabanne.com\\\/produit\\\/bourbon-americain-maurice\\\/\",\"name\":\"Bourbon Maurice - Famille Cabanne\",\"isPartOf\":{\"@id\":\"https:\\\/\\\/famillecabanne.com\\\/#website\"},\"primaryImageOfPage\":{\"@id\":\"https:\\\/\\\/famillecabanne.com\\\/produit\\\/bourbon-americain-maurice\\\/#primaryimage\"},\"image\":{\"@id\":\"https:\\\/\\\/famillecabanne.com\\\/produit\\\/bourbon-americain-maurice\\\/#primaryimage\"},\"thumbnailUrl\":\"https:\\\/\\\/famillecabanne.com\\\/wp-content\\\/uploads\\\/BOURBON-2-scaled-e1762355562402.png\",\"datePublished\":\"2025-09-01T13:50:10+00:00\",\"dateModified\":\"2025-11-05T15:17:24+00:00\",\"breadcrumb\":{\"@id\":\"https:\\\/\\\/famillecabanne.com\\\/produit\\\/bourbon-americain-maurice\\\/#breadcrumb\"},\"inLanguage\":\"en-US\",\"potentialAction\":[{\"@type\":\"ReadAction\",\"target\":[\"https:\\\/\\\/famillecabanne.com\\\/produit\\\/bourbon-americain-maurice\\\/\"]}]},{\"@type\":\"ImageObject\",\"inLanguage\":\"en-US\",\"@id\":\"https:\\\/\\\/famillecabanne.com\\\/produit\\\/bourbon-americain-maurice\\\/#primaryimage\",\"url\":\"https:\\\/\\\/famillecabanne.com\\\/wp-content\\\/uploads\\\/BOURBON-2-scaled-e1762355562402.png\",\"contentUrl\":\"https:\\\/\\\/famillecabanne.com\\\/wp-content\\\/uploads\\\/BOURBON-2-scaled-e1762355562402.png\",\"width\":2445,\"height\":2445},{\"@type\":\"BreadcrumbList\",\"@id\":\"https:\\\/\\\/famillecabanne.com\\\/produit\\\/bourbon-americain-maurice\\\/#breadcrumb\",\"itemListElement\":[{\"@type\":\"ListItem\",\"position\":1,\"name\":\"Accueil\",\"item\":\"https:\\\/\\\/famillecabanne.com\\\/en\\\/\"},{\"@type\":\"ListItem\",\"position\":2,\"name\":\"Boutique\",\"item\":\"https:\\\/\\\/famillecabanne.com\\\/boutique\\\/\"},{\"@type\":\"ListItem\",\"position\":3,\"name\":\"Bourbon Maurice\"}]},{\"@type\":\"WebSite\",\"@id\":\"https:\\\/\\\/famillecabanne.com\\\/#website\",\"url\":\"https:\\\/\\\/famillecabanne.com\\\/\",\"name\":\"Famille Cabanne\",\"description\":\"Cognac &amp; Spiritueux\",\"publisher\":{\"@id\":\"https:\\\/\\\/famillecabanne.com\\\/#organization\"},\"potentialAction\":[{\"@type\":\"SearchAction\",\"target\":{\"@type\":\"EntryPoint\",\"urlTemplate\":\"https:\\\/\\\/famillecabanne.com\\\/?s={search_term_string}\"},\"query-input\":{\"@type\":\"PropertyValueSpecification\",\"valueRequired\":true,\"valueName\":\"search_term_string\"}}],\"inLanguage\":\"en-US\"},{\"@type\":\"Organization\",\"@id\":\"https:\\\/\\\/famillecabanne.com\\\/#organization\",\"name\":\"Famille Cabanne\",\"url\":\"https:\\\/\\\/famillecabanne.com\\\/\",\"logo\":{\"@type\":\"ImageObject\",\"inLanguage\":\"en-US\",\"@id\":\"https:\\\/\\\/famillecabanne.com\\\/#\\\/schema\\\/logo\\\/image\\\/\",\"url\":\"https:\\\/\\\/famillecabanne.com\\\/wp-content\\\/uploads\\\/logo-famille-cabanne.svg\",\"contentUrl\":\"https:\\\/\\\/famillecabanne.com\\\/wp-content\\\/uploads\\\/logo-famille-cabanne.svg\",\"caption\":\"Famille Cabanne\"},\"image\":{\"@id\":\"https:\\\/\\\/famillecabanne.com\\\/#\\\/schema\\\/logo\\\/image\\\/\"},\"sameAs\":[\"https:\\\/\\\/fr-fr.facebook.com\\\/Hawkins-Distribution-139832772862264\\\/\",\"https:\\\/\\\/www.instagram.com\\\/famillecabanne\\\/?hl=fr\",\"https:\\\/\\\/fr.linkedin.com\\\/company\\\/famillecabanne\"]}]}<\/script>\n<!-- \/ Yoast SEO plugin. -->","yoast_head_json":{"title":"Bourbon Maurice - Famille Cabanne","robots":{"index":"index","follow":"follow","max-snippet":"max-snippet:-1","max-image-preview":"max-image-preview:large","max-video-preview":"max-video-preview:-1"},"canonical":"https:\/\/famillecabanne.com\/produit\/bourbon-americain-maurice\/","og_locale":"en_US","og_type":"article","og_title":"Bourbon Maurice - Famille Cabanne","og_description":"Bourbon Maurice\u00a0 Ce Bourbon est \u00e9labor\u00e9 en Californie et a vieilli pendant plusieurs mois en petits f\u00fbts de ch\u00eane am\u00e9ricain.\u00a0 Riche et complexe, il refl\u00e8te l'essence m\u00eame de la tradition am\u00e9ricaine et offre une exp\u00e9rience unique de d\u00e9gustation.\u00a0 &nbsp; &nbsp;","og_url":"https:\/\/famillecabanne.com\/produit\/bourbon-americain-maurice\/","og_site_name":"Famille Cabanne","article_publisher":"https:\/\/fr-fr.facebook.com\/Hawkins-Distribution-139832772862264\/","article_modified_time":"2025-11-05T15:17:24+00:00","og_image":[{"width":2445,"height":2445,"url":"https:\/\/famillecabanne.com\/wp-content\/uploads\/BOURBON-2-scaled-e1762355562402.png","type":"image\/png"}],"twitter_card":"summary_large_image","twitter_misc":{"Est. reading time":"1 minute"},"schema":{"@context":"https:\/\/schema.org","@graph":[{"@type":"WebPage","@id":"https:\/\/famillecabanne.com\/produit\/bourbon-americain-maurice\/","url":"https:\/\/famillecabanne.com\/produit\/bourbon-americain-maurice\/","name":"Bourbon Maurice - Famille Cabanne","isPartOf":{"@id":"https:\/\/famillecabanne.com\/#website"},"primaryImageOfPage":{"@id":"https:\/\/famillecabanne.com\/produit\/bourbon-americain-maurice\/#primaryimage"},"image":{"@id":"https:\/\/famillecabanne.com\/produit\/bourbon-americain-maurice\/#primaryimage"},"thumbnailUrl":"https:\/\/famillecabanne.com\/wp-content\/uploads\/BOURBON-2-scaled-e1762355562402.png","datePublished":"2025-09-01T13:50:10+00:00","dateModified":"2025-11-05T15:17:24+00:00","breadcrumb":{"@id":"https:\/\/famillecabanne.com\/produit\/bourbon-americain-maurice\/#breadcrumb"},"inLanguage":"en-US","potentialAction":[{"@type":"ReadAction","target":["https:\/\/famillecabanne.com\/produit\/bourbon-americain-maurice\/"]}]},{"@type":"ImageObject","inLanguage":"en-US","@id":"https:\/\/famillecabanne.com\/produit\/bourbon-americain-maurice\/#primaryimage","url":"https:\/\/famillecabanne.com\/wp-content\/uploads\/BOURBON-2-scaled-e1762355562402.png","contentUrl":"https:\/\/famillecabanne.com\/wp-content\/uploads\/BOURBON-2-scaled-e1762355562402.png","width":2445,"height":2445},{"@type":"BreadcrumbList","@id":"https:\/\/famillecabanne.com\/produit\/bourbon-americain-maurice\/#breadcrumb","itemListElement":[{"@type":"ListItem","position":1,"name":"Accueil","item":"https:\/\/famillecabanne.com\/en\/"},{"@type":"ListItem","position":2,"name":"Boutique","item":"https:\/\/famillecabanne.com\/boutique\/"},{"@type":"ListItem","position":3,"name":"Bourbon Maurice"}]},{"@type":"WebSite","@id":"https:\/\/famillecabanne.com\/#website","url":"https:\/\/famillecabanne.com\/","name":"Famille Cabanne","description":"Cognac &amp; Spiritueux","publisher":{"@id":"https:\/\/famillecabanne.com\/#organization"},"potentialAction":[{"@type":"SearchAction","target":{"@type":"EntryPoint","urlTemplate":"https:\/\/famillecabanne.com\/?s={search_term_string}"},"query-input":{"@type":"PropertyValueSpecification","valueRequired":true,"valueName":"search_term_string"}}],"inLanguage":"en-US"},{"@type":"Organization","@id":"https:\/\/famillecabanne.com\/#organization","name":"Famille Cabanne","url":"https:\/\/famillecabanne.com\/","logo":{"@type":"ImageObject","inLanguage":"en-US","@id":"https:\/\/famillecabanne.com\/#\/schema\/logo\/image\/","url":"https:\/\/famillecabanne.com\/wp-content\/uploads\/logo-famille-cabanne.svg","contentUrl":"https:\/\/famillecabanne.com\/wp-content\/uploads\/logo-famille-cabanne.svg","caption":"Famille Cabanne"},"image":{"@id":"https:\/\/famillecabanne.com\/#\/schema\/logo\/image\/"},"sameAs":["https:\/\/fr-fr.facebook.com\/Hawkins-Distribution-139832772862264\/","https:\/\/www.instagram.com\/famillecabanne\/?hl=fr","https:\/\/fr.linkedin.com\/company\/famillecabanne"]}]}},"_links":{"self":[{"href":"https:\/\/famillecabanne.com\/en\/wp-json\/wp\/v2\/product\/13219","targetHints":{"allow":["GET"]}}],"collection":[{"href":"https:\/\/famillecabanne.com\/en\/wp-json\/wp\/v2\/product"}],"about":[{"href":"https:\/\/famillecabanne.com\/en\/wp-json\/wp\/v2\/types\/product"}],"wp:featuredmedia":[{"embeddable":true,"href":"https:\/\/famillecabanne.com\/en\/wp-json\/wp\/v2\/media\/13437"}],"wp:attachment":[{"href":"https:\/\/famillecabanne.com\/en\/wp-json\/wp\/v2\/media?parent=13219"}],"wp:term":[{"taxonomy":"product_brand","embeddable":true,"href":"https:\/\/famillecabanne.com\/en\/wp-json\/wp\/v2\/product_brand?post=13219"},{"taxonomy":"product_cat","embeddable":true,"href":"https:\/\/famillecabanne.com\/en\/wp-json\/wp\/v2\/product_cat?post=13219"},{"taxonomy":"product_tag","embeddable":true,"href":"https:\/\/famillecabanne.com\/en\/wp-json\/wp\/v2\/product_tag?post=13219"}],"curies":[{"name":"wp","href":"https:\/\/api.w.org\/{rel}","templated":true}]}}