{"id":1497,"date":"2023-02-03T13:42:38","date_gmt":"2023-02-03T13:42:38","guid":{"rendered":"http:\/\/sapin-de-noel-bordeaux.com\/cote-pro-media-kit\/"},"modified":"2023-09-21T16:05:19","modified_gmt":"2023-09-21T16:05:19","slug":"cote-pro-media-kit","status":"publish","type":"page","link":"https:\/\/famillecabanne.com\/en\/cote-pro-media-kit\/","title":{"rendered":"c\u00f4t\u00e9 pro | m\u00e9dia kit"},"content":{"rendered":"","protected":true},"excerpt":{"rendered":"","protected":true},"author":1,"featured_media":0,"parent":0,"menu_order":0,"comment_status":"closed","ping_status":"closed","template":"","meta":{"_acf_changed":false,"footnotes":""},"class_list":["post-1497","page","type-page","status-publish","post-password-required","hentry"],"acf":[],"yoast_head":"<!-- This site is optimized with the Yoast SEO plugin v27.3 - https:\/\/yoast.com\/product\/yoast-seo-wordpress\/ -->\n<title>c\u00f4t\u00e9 pro | m\u00e9dia kit - Famille Cabanne<\/title>\n<meta name=\"robots\" content=\"index, follow, max-snippet:-1, max-image-preview:large, max-video-preview:-1\" \/>\n<link rel=\"canonical\" href=\"https:\/\/famillecabanne.com\/en\/cote-pro-media-kit\/\" \/>\n<meta property=\"og:locale\" content=\"en_US\" \/>\n<meta property=\"og:type\" content=\"article\" \/>\n<meta property=\"og:title\" content=\"c\u00f4t\u00e9 pro | m\u00e9dia kit - Famille Cabanne\" \/>\n<meta property=\"og:description\" content=\"There is no excerpt because this is a protected post.\" \/>\n<meta property=\"og:url\" content=\"https:\/\/famillecabanne.com\/en\/cote-pro-media-kit\/\" \/>\n<meta property=\"og:site_name\" content=\"Famille Cabanne\" \/>\n<meta property=\"article:publisher\" content=\"https:\/\/fr-fr.facebook.com\/Hawkins-Distribution-139832772862264\/\" \/>\n<meta property=\"article:modified_time\" content=\"2023-09-21T16:05:19+00:00\" \/>\n<meta name=\"twitter:card\" content=\"summary_large_image\" \/>\n<meta name=\"twitter:label1\" content=\"Est. reading time\" \/>\n\t<meta name=\"twitter:data1\" content=\"1 minute\" \/>\n<script type=\"application\/ld+json\" class=\"yoast-schema-graph\">{\"@context\":\"https:\\\/\\\/schema.org\",\"@graph\":[{\"@type\":\"WebPage\",\"@id\":\"https:\\\/\\\/famillecabanne.com\\\/en\\\/cote-pro-media-kit\\\/\",\"url\":\"https:\\\/\\\/famillecabanne.com\\\/en\\\/cote-pro-media-kit\\\/\",\"name\":\"c\u00f4t\u00e9 pro | m\u00e9dia kit - Famille Cabanne\",\"isPartOf\":{\"@id\":\"https:\\\/\\\/famillecabanne.com\\\/#website\"},\"datePublished\":\"2023-02-03T13:42:38+00:00\",\"dateModified\":\"2023-09-21T16:05:19+00:00\",\"breadcrumb\":{\"@id\":\"https:\\\/\\\/famillecabanne.com\\\/en\\\/cote-pro-media-kit\\\/#breadcrumb\"},\"inLanguage\":\"en-US\"},{\"@type\":\"WebSite\",\"@id\":\"https:\\\/\\\/famillecabanne.com\\\/#website\",\"url\":\"https:\\\/\\\/famillecabanne.com\\\/\",\"name\":\"Famille Cabanne\",\"description\":\"Cognac &amp; Spiritueux\",\"publisher\":{\"@id\":\"https:\\\/\\\/famillecabanne.com\\\/#organization\"},\"potentialAction\":[{\"@type\":\"SearchAction\",\"target\":{\"@type\":\"EntryPoint\",\"urlTemplate\":\"https:\\\/\\\/famillecabanne.com\\\/?s={search_term_string}\"},\"query-input\":{\"@type\":\"PropertyValueSpecification\",\"valueRequired\":true,\"valueName\":\"search_term_string\"}}],\"inLanguage\":\"en-US\"},{\"@type\":\"Organization\",\"@id\":\"https:\\\/\\\/famillecabanne.com\\\/#organization\",\"name\":\"Famille Cabanne\",\"url\":\"https:\\\/\\\/famillecabanne.com\\\/\",\"logo\":{\"@type\":\"ImageObject\",\"inLanguage\":\"en-US\",\"@id\":\"https:\\\/\\\/famillecabanne.com\\\/#\\\/schema\\\/logo\\\/image\\\/\",\"url\":\"https:\\\/\\\/famillecabanne.com\\\/wp-content\\\/uploads\\\/logo-famille-cabanne.svg\",\"contentUrl\":\"https:\\\/\\\/famillecabanne.com\\\/wp-content\\\/uploads\\\/logo-famille-cabanne.svg\",\"caption\":\"Famille Cabanne\"},\"image\":{\"@id\":\"https:\\\/\\\/famillecabanne.com\\\/#\\\/schema\\\/logo\\\/image\\\/\"},\"sameAs\":[\"https:\\\/\\\/fr-fr.facebook.com\\\/Hawkins-Distribution-139832772862264\\\/\",\"https:\\\/\\\/www.instagram.com\\\/famillecabanne\\\/?hl=fr\",\"https:\\\/\\\/fr.linkedin.com\\\/company\\\/famillecabanne\"]}]}<\/script>\n<!-- \/ Yoast SEO plugin. -->","yoast_head_json":{"title":"c\u00f4t\u00e9 pro | m\u00e9dia kit - Famille Cabanne","robots":{"index":"index","follow":"follow","max-snippet":"max-snippet:-1","max-image-preview":"max-image-preview:large","max-video-preview":"max-video-preview:-1"},"canonical":"https:\/\/famillecabanne.com\/en\/cote-pro-media-kit\/","og_locale":"en_US","og_type":"article","og_title":"c\u00f4t\u00e9 pro | m\u00e9dia kit - Famille Cabanne","og_description":"There is no excerpt because this is a protected post.","og_url":"https:\/\/famillecabanne.com\/en\/cote-pro-media-kit\/","og_site_name":"Famille Cabanne","article_publisher":"https:\/\/fr-fr.facebook.com\/Hawkins-Distribution-139832772862264\/","article_modified_time":"2023-09-21T16:05:19+00:00","twitter_card":"summary_large_image","twitter_misc":{"Est. reading time":"1 minute"},"schema":{"@context":"https:\/\/schema.org","@graph":[{"@type":"WebPage","@id":"https:\/\/famillecabanne.com\/en\/cote-pro-media-kit\/","url":"https:\/\/famillecabanne.com\/en\/cote-pro-media-kit\/","name":"c\u00f4t\u00e9 pro | m\u00e9dia kit - Famille Cabanne","isPartOf":{"@id":"https:\/\/famillecabanne.com\/#website"},"datePublished":"2023-02-03T13:42:38+00:00","dateModified":"2023-09-21T16:05:19+00:00","breadcrumb":{"@id":"https:\/\/famillecabanne.com\/en\/cote-pro-media-kit\/#breadcrumb"},"inLanguage":"en-US"},{"@type":"WebSite","@id":"https:\/\/famillecabanne.com\/#website","url":"https:\/\/famillecabanne.com\/","name":"Famille Cabanne","description":"Cognac &amp; Spiritueux","publisher":{"@id":"https:\/\/famillecabanne.com\/#organization"},"potentialAction":[{"@type":"SearchAction","target":{"@type":"EntryPoint","urlTemplate":"https:\/\/famillecabanne.com\/?s={search_term_string}"},"query-input":{"@type":"PropertyValueSpecification","valueRequired":true,"valueName":"search_term_string"}}],"inLanguage":"en-US"},{"@type":"Organization","@id":"https:\/\/famillecabanne.com\/#organization","name":"Famille Cabanne","url":"https:\/\/famillecabanne.com\/","logo":{"@type":"ImageObject","inLanguage":"en-US","@id":"https:\/\/famillecabanne.com\/#\/schema\/logo\/image\/","url":"https:\/\/famillecabanne.com\/wp-content\/uploads\/logo-famille-cabanne.svg","contentUrl":"https:\/\/famillecabanne.com\/wp-content\/uploads\/logo-famille-cabanne.svg","caption":"Famille Cabanne"},"image":{"@id":"https:\/\/famillecabanne.com\/#\/schema\/logo\/image\/"},"sameAs":["https:\/\/fr-fr.facebook.com\/Hawkins-Distribution-139832772862264\/","https:\/\/www.instagram.com\/famillecabanne\/?hl=fr","https:\/\/fr.linkedin.com\/company\/famillecabanne"]}]}},"_links":{"self":[{"href":"https:\/\/famillecabanne.com\/en\/wp-json\/wp\/v2\/pages\/1497","targetHints":{"allow":["GET"]}}],"collection":[{"href":"https:\/\/famillecabanne.com\/en\/wp-json\/wp\/v2\/pages"}],"about":[{"href":"https:\/\/famillecabanne.com\/en\/wp-json\/wp\/v2\/types\/page"}],"author":[{"embeddable":true,"href":"https:\/\/famillecabanne.com\/en\/wp-json\/wp\/v2\/users\/1"}],"replies":[{"embeddable":true,"href":"https:\/\/famillecabanne.com\/en\/wp-json\/wp\/v2\/comments?post=1497"}],"version-history":[{"count":0,"href":"https:\/\/famillecabanne.com\/en\/wp-json\/wp\/v2\/pages\/1497\/revisions"}],"wp:attachment":[{"href":"https:\/\/famillecabanne.com\/en\/wp-json\/wp\/v2\/media?parent=1497"}],"curies":[{"name":"wp","href":"https:\/\/api.w.org\/{rel}","templated":true}]}}